{"id":430,"date":"2025-06-20T12:47:56","date_gmt":"2025-06-20T12:47:56","guid":{"rendered":"http:\/\/coreliance.de\/about-us\/"},"modified":"2026-02-15T14:07:41","modified_gmt":"2026-02-15T14:07:41","slug":"about-us","status":"publish","type":"page","link":"https:\/\/coreliance.de\/en\/about-us\/","title":{"rendered":"About Us"},"content":{"rendered":"<div class=\"wp-block-cover alignfull has-custom-content-position is-position-bottom-center\"><img loading=\"lazy\" decoding=\"async\" width=\"1024\" height=\"683\" class=\"wp-block-cover__image-background wp-image-447 size-large\" alt=\"\" src=\"https:\/\/coreliance.de\/wp-content\/uploads\/2025\/06\/MW-2-1024x683.png\" data-object-fit=\"cover\" srcset=\"https:\/\/coreliance.de\/wp-content\/uploads\/2025\/06\/MW-2-1024x683.png 1024w, https:\/\/coreliance.de\/wp-content\/uploads\/2025\/06\/MW-2-300x200.png 300w, https:\/\/coreliance.de\/wp-content\/uploads\/2025\/06\/MW-2-768x512.png 768w, https:\/\/coreliance.de\/wp-content\/uploads\/2025\/06\/MW-2.png 1536w\" sizes=\"auto, (max-width: 1024px) 100vw, 1024px\" \/><span aria-hidden=\"true\" class=\"wp-block-cover__background has-background-dim\" style=\"background-color:#6b665e\"><\/span><div class=\"wp-block-cover__inner-container is-layout-constrained wp-block-cover-is-layout-constrained\">\n<p class=\"has-text-align-center has-large-font-size\"><kbd><mark style=\"background-color:rgba(0, 0, 0, 0)\" class=\"has-inline-color has-ast-global-color-1-color\">Driven by Purpose<\/mark><\/kbd><\/p>\n<\/div><\/div>\n\n\n\n<div class=\"wp-block-uagb-container uag-blocks-common-selector uagb-block-d8b2f056 alignfull uagb-is-root-container\"><div class=\"uagb-container-inner-blocks-wrap\">\n<h2 class=\"wp-block-heading\"><em>Delivering real-world solutions for real Manufacturing challenges. <\/em>&#8230;<\/h2>\n<\/div><\/div>\n\n\n\n<div class=\"wp-block-uagb-info-box uagb-block-87689283 uagb-infobox__content-wrap  uagb-infobox-icon-above-title uagb-infobox-image-valign-top\"><div class=\"uagb-ifb-content\"><div class=\"uagb-ifb-title-wrap\"><\/div><p class=\"uagb-ifb-desc\"><strong>Coreliance Manufacturing Services e.K.<\/strong>, mit Hauptsitz in <strong>Wachenheim, Rheinland-Pfalz<\/strong>, was founded in 2025 by <strong>Maged Eleissawy <\/strong>to support German and European manufacturers in navigating the growing challenges of global competition. As manufacturing faces increasing pressure to perform with fewer resources, Coreliance was created to address two of the most urgent issues in the industry: <strong>the shortage of skilled workers and the need to optimize every process to stay competitive.<\/strong><br><br>With international experience working alongside some of the largest players in the oil &amp; gas and chemical industries, we bring the diversity, insight, and adaptability needed to drive meaningful change.<br><strong>Our strength<\/strong> lies in our team: a network of <strong>highly experienced professionals, including engaged shop floor workers, <\/strong>shift supervisors, and expert engineers\u2014each bringing<strong> hands-on knowledge <\/strong>and a deep understanding of operational realities.<br><br>At Coreliance, we combine <strong>technical excellence, organizational strategy, and workforce solutions<\/strong>to help manufacturers streamline operations, reduce inefficiencies, and build resilient, future-ready production environments. We don\u2019t just solve problems\u2014we move every rock twice to uncover hidden potential and deliver lasting impact.<br><br><\/p><\/div><\/div>\n\n\n\n<div class=\"wp-block-uagb-container uag-blocks-common-selector uagb-block-87097184 alignfull uagb-is-root-container\"><div class=\"uagb-container-inner-blocks-wrap\">\n<div class=\"wp-block-uagb-container uagb-layout-grid uagb-block-27cc4cd9 alignfull uagb-is-root-container\"><div class=\"uagb-container-inner-blocks-wrap\">\n<div class=\"wp-block-columns is-layout-flex wp-container-core-columns-is-layout-28f84493 wp-block-columns-is-layout-flex\">\n<div class=\"wp-block-column is-layout-flow wp-block-column-is-layout-flow\" style=\"flex-basis:100%\"><\/div>\n<\/div>\n<\/div><\/div>\n\n\n\n<div class=\"wp-block-uagb-image uagb-block-20e84e58 wp-block-uagb-image--layout-default wp-block-uagb-image--effect-static wp-block-uagb-image--align-none\"><figure class=\"wp-block-uagb-image__figure\"><img decoding=\"async\" srcset=\"https:\/\/coreliance.de\/wp-content\/uploads\/2025\/06\/deck-1-1024x244.jpg ,https:\/\/coreliance.de\/wp-content\/uploads\/2025\/06\/deck-1.jpg 780w, https:\/\/coreliance.de\/wp-content\/uploads\/2025\/06\/deck-1.jpg 360w\" sizes=\"auto, (max-width: 480px) 150px\" src=\"https:\/\/coreliance.de\/wp-content\/uploads\/2025\/06\/deck-1-1024x244.jpg\" alt=\"\" class=\"uag-image-1282\" width=\"1197\" height=\"285\" title=\"deck\" loading=\"lazy\" role=\"img\"\/><\/figure><\/div>\n\n\n\n<div class=\"wp-block-uagb-container uagb-layout-grid uagb-block-41452f58 alignfull uagb-is-root-container\"><div class=\"uagb-container-inner-blocks-wrap\">\n<div class=\"wp-block-group is-layout-constrained wp-block-group-is-layout-constrained\">\n<div class=\"wp-block-uagb-advanced-heading uagb-block-2e30fbf9\"><h3 class=\"uagb-heading-text\">Vision.<\/h3><p class=\"uagb-desc-text\">To be the trusted partner for manufacturing excellence in Europe\u2014where every process is optimized, every role is filled with purpose, and every client is equipped to compete globally.\nVision.<\/p><\/div>\n\n\n\n<div class=\"wp-block-uagb-image aligncenter uagb-block-e5df9a37 wp-block-uagb-image--layout-default wp-block-uagb-image--effect-static wp-block-uagb-image--align-center\"><figure class=\"wp-block-uagb-image__figure\"><img decoding=\"async\" srcset=\"https:\/\/coreliance.de\/wp-content\/uploads\/2025\/06\/logo2.png ,https:\/\/coreliance.de\/wp-content\/uploads\/2025\/06\/logo2.png 780w, https:\/\/coreliance.de\/wp-content\/uploads\/2025\/06\/logo2.png 360w\" sizes=\"auto, (max-width: 480px) 150px\" src=\"https:\/\/coreliance.de\/wp-content\/uploads\/2025\/06\/logo2.png\" alt=\"\" class=\"uag-image-449\" width=\"592\" height=\"318\" title=\"logo2\" loading=\"lazy\" role=\"img\"\/><\/figure><\/div>\n<\/div>\n\n\n\n<div class=\"wp-block-group is-nowrap is-layout-flex wp-container-core-group-is-layout-6c531013 wp-block-group-is-layout-flex\">\n<div class=\"wp-block-uagb-advanced-heading uagb-block-b87c2a9f\"><h3 class=\"uagb-heading-text\">Mission.<\/h3><p class=\"uagb-desc-text\">To empower European manufacturers by solving skilled labor shortages and optimizing operations through smart, scalable, and hands-on solutions\u2014delivered by a team that understands the shop floor as well as the strategy.<\/p><\/div>\n<\/div>\n<\/div><\/div>\n<\/div><\/div>\n\n\n\n<div class=\"wp-block-uagb-advanced-heading uagb-block-d68d0a27\"><h2 class=\"uagb-heading-text\">Our Team<\/h2><\/div>\n\n\n\n<p><\/p>\n\n\n\n<figure class=\"wp-block-image aligncenter size-large is-resized\"><img loading=\"lazy\" decoding=\"async\" width=\"1024\" height=\"601\" src=\"https:\/\/coreliance.de\/wp-content\/uploads\/2026\/02\/Organigramm-1024x601.jpg\" alt=\"\" class=\"wp-image-1779\" style=\"width:1400px\" srcset=\"https:\/\/coreliance.de\/wp-content\/uploads\/2026\/02\/Organigramm-1024x601.jpg 1024w, https:\/\/coreliance.de\/wp-content\/uploads\/2026\/02\/Organigramm-300x176.jpg 300w, https:\/\/coreliance.de\/wp-content\/uploads\/2026\/02\/Organigramm-768x451.jpg 768w, https:\/\/coreliance.de\/wp-content\/uploads\/2026\/02\/Organigramm-18x12.jpg 18w, https:\/\/coreliance.de\/wp-content\/uploads\/2026\/02\/Organigramm.jpg 1266w\" sizes=\"auto, (max-width: 1024px) 100vw, 1024px\" \/><\/figure>\n\n\n\n<div class=\"wp-block-uagb-container uagb-block-2efce2cd alignfull uagb-is-root-container\"><div class=\"uagb-container-inner-blocks-wrap\">\n<div class=\"wp-block-uagb-container uagb-block-60faf64a alignfull uagb-is-root-container\"><div class=\"uagb-container-inner-blocks-wrap\">\n<div class=\"wp-block-uagb-info-box uagb-block-9f4422ce uagb-infobox__content-wrap  uagb-infobox-icon-above-title uagb-infobox-image-valign-top wp-block-uagb-info-box--has-margin\">\n<div class=\"uagb-infobox-margin-wrapper\">\n<div class=\"uagb-ifb-content\">\n<div class=\"uagb-ifb-image-content\"><img loading=\"lazy\" decoding=\"async\" src=\"http:\/\/coreliance.de\/wp-content\/uploads\/2025\/06\/Profile.jpg\" alt=\"\" width=\"150\" height=\"150\" \/><\/div>\n<div class=\"uagb-ifb-title-wrap\"><span class=\"uagb-ifb-title-prefix\">Maged Eleissawy<\/span><\/p>\n<h6 class=\"uagb-ifb-title\">Founder\/ CEO\u00a0<\/h6>\n<\/div>\n<p>Mit+15 Jahren internationaler Erfahrung in der chemischen Industrie sowie im \u00d6l- und Gassektor bringt Maged strategische Einsichten und praktische Fachkenntnisse in jedes Projekt ein. Er besitzt einen Lean Six Sigma Black Belt und Executive Diplome in Strategic Management von der University of P ennsylvania sowie in Organizational A nalysis von der Stanford University. Da r\u00fcber hinaus ist er vom NASBA in Dir ected Costing zertifiziert. Mageds Miss ion ist es, den Mangel an Fachkr\u00e4ften zu b eheben und die Abl\u00e4ufe in der europ\u00e4 ischen Manufacturing-Industrie zu optimieren .<\/p>\n<\/div>\n<\/div>\n<\/div>\n\n\n\n<div class=\"wp-block-uagb-info-box uagb-block-c3874dab uagb-infobox__content-wrap  uagb-infobox-icon-above-title uagb-infobox-image-valign-top wp-block-uagb-info-box--has-margin\"><div class=\"uagb-infobox-margin-wrapper\"><div class=\"uagb-ifb-content\"><div class=\"uagb-ifb-image-content\"><img decoding=\"async\" src=\"http:\/\/coreliance.de\/wp-content\/uploads\/2025\/06\/Frau.jpg\" alt=\"\" width=\"150\" height=\"150\" loading=\"lazy\"\/><\/div><div class=\"uagb-ifb-title-wrap\"><span class=\"uagb-ifb-title-prefix\">Hale Sahiner\u200b<\/span><h6 class=\"uagb-ifb-title\">Office Managerin <\/h6>\n<\/div>\n<p>Mit ausgepr\u00e4gter Motivation und einer hohen Lernbereitschaft bringt Hale frische Perspektiven und Energie in jedes Projekt ein. Ihre St\u00e4rke liegt in der Vielfalt \u2013 sie kombiniert organisatorisches Geschick mit interkultureller Kompetenz und einem l\u00f6sungsorientierten Arbeitsstil. Hale ist bekannt f\u00fcr ihre F\u00e4higkeit, sich schnell in neue Prozesse einzuarbeiten und dabei pr\u00e4zise sowie zuverl\u00e4ssig zu agieren. Ihr Ziel ist es, durch Engagement und Teamgeist einen sp\u00fcrbaren Beitrag zur Effizienz und Qualit\u00e4t in der Organisation zu leisten.<\/p>\n<\/div>\n<\/div>\n<\/div>\n\n\n\n<div class=\"wp-block-uagb-info-box uagb-block-e98108b0 uagb-infobox__content-wrap  uagb-infobox-icon-above-title uagb-infobox-image-valign-top wp-block-uagb-info-box--has-margin\"><div class=\"uagb-infobox-margin-wrapper\"><div class=\"uagb-ifb-content\"><div class=\"uagb-ifb-image-content\"><img decoding=\"async\" src=\"https:\/\/coreliance.de\/wp-content\/uploads\/2026\/02\/Graf.jpg\" alt=\"\" width=\"150\" height=\"150                    \" loading=\"lazy\"\/><\/div><div class=\"uagb-ifb-title-wrap\"><span class=\"uagb-ifb-title-prefix\">Daniel Graf\u200b<\/span><h6 class=\"uagb-ifb-title\">Operations Lead<\/h6>\n<p>Mit einem Masterabschluss im Prozessingenieurwesen und \u00fcber einem Jahrzehnt Erfahrung in der chemischen Industrie verbindet Daniel fundiertes technisches Know-how mit einem klaren Blick f\u00fcr moderne Produktionsanforderungen. Als Operations &#038; Technical Services Lead liegt sein Schwerpunkt auf Automatisierung, Digitalisierung und der erfolgreichen Umsetzung von Lean\u2011Projekten.\nDurch seine internationale Projekterfahrung hat Daniel ein tiefes Verst\u00e4ndnis daf\u00fcr entwickelt, wie technische Exzellenz, Prozesssicherheit und Effizienzsteigerung in komplexen Produktionsumgebungen zusammenwirken.<\/p>\n<\/div>\n<\/div>\n<\/div>\n<\/div><\/div>\n<\/div><\/div>","protected":false},"excerpt":{"rendered":"<p>L\u00f6sungen f\u00fcr reale Herausforderungen im Manufacturing &#8230; Vision. Unser Ziel ist es, der vertrauensw\u00fcrdige Partner f\u00fcr Manufacturing-Exzellenz in Europa zu sein\u2014wo jeder Prozess optimiert wird, jede Rolle mit Zweck gef\u00fcllt ist und jeder Kunde in der Lage ist, global zu konkurrieren. Mission. Unsere Mission ist es, europ\u00e4ische Hersteller zu bef\u00e4higen, indem wir den Mangel an [&hellip;]<\/p>","protected":false},"author":1,"featured_media":0,"parent":0,"menu_order":0,"comment_status":"closed","ping_status":"closed","template":"","meta":{"_uag_custom_page_level_css":"","site-sidebar-layout":"no-sidebar","site-content-layout":"plain-container","ast-site-content-layout":"normal-width-container","site-content-style":"unboxed","site-sidebar-style":"unboxed","ast-global-header-display":"","ast-banner-title-visibility":"","ast-main-header-display":"","ast-hfb-above-header-display":"","ast-hfb-below-header-display":"","ast-hfb-mobile-header-display":"","site-post-title":"disabled","ast-breadcrumbs-content":"","ast-featured-img":"","footer-sml-layout":"","ast-disable-related-posts":"","theme-transparent-header-meta":"default","adv-header-id-meta":"","stick-header-meta":"","header-above-stick-meta":"","header-main-stick-meta":"","header-below-stick-meta":"","astra-migrate-meta-layouts":"set","ast-page-background-enabled":"default","ast-page-background-meta":{"desktop":{"background-color":"","background-image":"","background-repeat":"repeat","background-position":"center center","background-size":"auto","background-attachment":"scroll","background-type":"","background-media":"","overlay-type":"","overlay-color":"","overlay-opacity":"","overlay-gradient":""},"tablet":{"background-color":"","background-image":"","background-repeat":"repeat","background-position":"center center","background-size":"auto","background-attachment":"scroll","background-type":"","background-media":"","overlay-type":"","overlay-color":"","overlay-opacity":"","overlay-gradient":""},"mobile":{"background-color":"","background-image":"","background-repeat":"repeat","background-position":"center center","background-size":"auto","background-attachment":"scroll","background-type":"","background-media":"","overlay-type":"","overlay-color":"","overlay-opacity":"","overlay-gradient":""}},"ast-content-background-meta":{"desktop":{"background-color":"var(--ast-global-color-5)","background-image":"","background-repeat":"repeat","background-position":"center center","background-size":"auto","background-attachment":"scroll","background-type":"","background-media":"","overlay-type":"","overlay-color":"","overlay-opacity":"","overlay-gradient":""},"tablet":{"background-color":"var(--ast-global-color-5)","background-image":"","background-repeat":"repeat","background-position":"center center","background-size":"auto","background-attachment":"scroll","background-type":"","background-media":"","overlay-type":"","overlay-color":"","overlay-opacity":"","overlay-gradient":""},"mobile":{"background-color":"var(--ast-global-color-5)","background-image":"","background-repeat":"repeat","background-position":"center center","background-size":"auto","background-attachment":"scroll","background-type":"","background-media":"","overlay-type":"","overlay-color":"","overlay-opacity":"","overlay-gradient":""}},"footnotes":""},"class_list":["post-430","page","type-page","status-publish","hentry"],"uagb_featured_image_src":{"full":false,"thumbnail":false,"medium":false,"medium_large":false,"large":false,"1536x1536":false,"2048x2048":false,"trp-custom-language-flag":false},"uagb_author_info":{"display_name":"maged.elessawy@gmail.com","author_link":"https:\/\/coreliance.de\/en\/author\/maged-elessawygmail-com\/"},"uagb_comment_info":0,"uagb_excerpt":"L\u00f6sungen f\u00fcr reale Herausforderungen im Manufacturing &#8230; Vision. Unser Ziel ist es, der vertrauensw\u00fcrdige Partner f\u00fcr Manufacturing-Exzellenz in Europa zu sein\u2014wo jeder Prozess optimiert wird, jede Rolle mit Zweck gef\u00fcllt ist und jeder Kunde in der Lage ist, global zu konkurrieren. Mission. Unsere Mission ist es, europ\u00e4ische Hersteller zu bef\u00e4higen, indem wir den Mangel an&hellip;","_links":{"self":[{"href":"https:\/\/coreliance.de\/en\/wp-json\/wp\/v2\/pages\/430","targetHints":{"allow":["GET"]}}],"collection":[{"href":"https:\/\/coreliance.de\/en\/wp-json\/wp\/v2\/pages"}],"about":[{"href":"https:\/\/coreliance.de\/en\/wp-json\/wp\/v2\/types\/page"}],"author":[{"embeddable":true,"href":"https:\/\/coreliance.de\/en\/wp-json\/wp\/v2\/users\/1"}],"replies":[{"embeddable":true,"href":"https:\/\/coreliance.de\/en\/wp-json\/wp\/v2\/comments?post=430"}],"version-history":[{"count":37,"href":"https:\/\/coreliance.de\/en\/wp-json\/wp\/v2\/pages\/430\/revisions"}],"predecessor-version":[{"id":2062,"href":"https:\/\/coreliance.de\/en\/wp-json\/wp\/v2\/pages\/430\/revisions\/2062"}],"wp:attachment":[{"href":"https:\/\/coreliance.de\/en\/wp-json\/wp\/v2\/media?parent=430"}],"curies":[{"name":"wp","href":"https:\/\/api.w.org\/{rel}","templated":true}]}}