{"id":498,"date":"2025-06-20T13:26:05","date_gmt":"2025-06-20T13:26:05","guid":{"rendered":"https:\/\/blanchedalmond-toad-821062.hostingersite.com\/home-2\/"},"modified":"2026-03-11T10:34:31","modified_gmt":"2026-03-11T10:34:31","slug":"home-2","status":"publish","type":"page","link":"https:\/\/coreliance.de\/en\/","title":{"rendered":"Home"},"content":{"rendered":"<div class=\"wp-block-uagb-container uagb-block-b4bdb975 alignfull uagb-is-root-container\"><div class=\"uagb-container-inner-blocks-wrap\">\n<div class=\"wp-block-uagb-info-box uagb-block-3b7e0e21 uagb-infobox__content-wrap  uagb-infobox-icon-above-title uagb-infobox-image-valign-top\"><div class=\"uagb-ifb-content\"><div class=\"uagb-ifb-title-wrap\"><h5 class=\"uagb-ifb-title-prefix\">Performance, you can rely on<\/h5><h1 class=\"uagb-ifb-title\">Coreliance Manufacturing Services \u200b<\/h1><\/div><div class=\"uagb-ifb-button-wrapper wp-block-button\"><a href=\"#button1\" class=\"uagb-infobox-cta-link wp-block-button__link\" target=\"_self\" rel=\"noopener noreferrer\" onclick=\"return true;\"><span class=\"uagb-inline-editing\">read more<\/span><\/a><\/div><\/div><\/div>\n\n\n      \n\t\t\t<div class=\"uagb-icon-wrapper uagb-block-62f0ec94\"\n\t\t\tstyle=\"\" >\n\t\t\t\t\t\t\t\t\t<span class=\"uagb-svg-wrapper\" \n\t\t\t\t\t aria-label=\"down-long\"\t\t\t\t\ttabindex=\"0\">\t\t\n\t\t\t\t\t\t\t\t\t\t<svg xmlns=\"https:\/\/www.w3.org\/2000\/svg\" viewbox= \"0 0 320 512\" role=\"graphics-symbol\" aria-hidden=\"false\" aria-label=\"\"><path d=\"M281.6 392.3l-104 112.1c-9.498 10.24-25.69 10.24-35.19 0l-104-112.1c-6.484-6.992-8.219-17.18-4.404-25.94c3.811-8.758 12.45-14.42 21.1-14.42H128V32c0-17.69 14.33-32 32-32S192 14.31 192 32v319.9h72c9.547 0 18.19 5.66 22 14.42C289.8 375.1 288.1 385.3 281.6 392.3z\"><\/path><\/svg>\n\t\t\t\t\t\t\t\t\t<\/span>\n\t\t\t\t\t\t\t<\/div>\n\t\t\t<\/div><\/div>\n\n\n\n<div class=\"wp-block-uagb-advanced-heading uagb-block-be18bcb1\"><h1 class=\"uagb-heading-text\">Out Sourcing | Temporary Staffing | Contract Work | Operational Excellence | TPO | Value Stream Mapping | Lean Workshops for the Chemical and Pharmaceutical Industries<\/h1><\/div>\n\n\n\n<div class=\"wp-block-columns is-layout-flex wp-container-core-columns-is-layout-28f84493 wp-block-columns-is-layout-flex\" id=\"button1\">\n<div class=\"wp-block-column is-layout-flow wp-block-column-is-layout-flow\" style=\"flex-basis:100%\">\n<div class=\"wp-block-uagb-info-box uagb-block-04f073f9 uagb-infobox__content-wrap  uagb-infobox-icon-above-title uagb-infobox-image-valign-top\"><div class=\"uagb-ifb-content\"><div class=\"uagb-ifb-title-wrap\"><h5 class=\"uagb-ifb-title-prefix\"><mark style=\"background-color:rgba(0, 0, 0, 0);color:#000000\" class=\"has-inline-color\">About Us<\/mark><\/h5><h2 class=\"uagb-ifb-title\"><mark style=\"background-color:rgba(0, 0, 0, 0);color:#000000\" class=\"has-inline-color\"><strong>Precision. Performance. People!<\/strong>!<\/mark><\/h2><\/div><p class=\"uagb-ifb-desc\"><mark style=\"background-color:rgba(0, 0, 0, 0);color:#000000\" class=\"has-inline-color\">We are a specialised Company for <strong>Staff Outsourcing and Temporary Staffing<\/strong> In addition to <strong>Operational Support <\/strong>in der Logistik, sowie in der chemischen und pharmazeutischen Industrie \u2013 gegr\u00fcndet von Fach- und F\u00fchrungskr\u00e4ften, die selbst jahrelang in Produktions- und Logistikbetrieben t\u00e4tig waren und die besonderen Anforderungen dieser Branchen aus eigner Praxis kennen.<br><br>Unser Schwerpunkt liegt darauf, Logistik-  Produktionsstandorte mit qualifiziertem und praxis\u00aderfahrenem Personal zu st\u00e4rken und eine sichere, stabile und effiziente Anlagenfahrweise f\u00fcr unseren Kunden\u00a0 zu gew\u00e4hrleisten.<\/mark><br><mark style=\"background-color:rgba(0, 0, 0, 0);color:#000000\" class=\"has-inline-color\"><br>In addition to providing skilled personnel, we support companies holistically in their technical process optimization and organizational development <\/mark><br><mark style=\"background-color:rgba(0, 0, 0, 0);color:#000000\" class=\"has-inline-color\">by means of, among others:<br><br>TPO-Technical Process Optimization| Value Stream Mapping | FTE-Management | <mark style=\"background-color:rgba(0, 0, 0, 0);color:#000000\" class=\"has-inline-color\">Performance-Management | <\/mark>Lean-Six Sigma &#8211; Workshops<\/mark><br><br><strong>Our strength <\/strong>We provide exactly the personnel and operational support that chemical and pharmaceutical companies need \u2013 hands-on, competent, and ready to deploy at any time.<mark style=\"background-color:rgba(0, 0, 0, 0);color:#000000\" class=\"has-inline-color\"><br><\/mark><\/p><div class=\"uagb-ifb-button-wrapper wp-block-button\"><a href=\"#button2\" class=\"uagb-infobox-cta-link wp-block-button__link\" target=\"_self\" rel=\"noopener noreferrer\" onclick=\"return true;\"><span class=\"uagb-inline-editing\">read more<\/span><\/a><\/div><\/div><\/div>\n<\/div>\n<\/div>\n\n\n\n<div class=\"wp-block-uagb-container uagb-layout-grid uagb-block-00d4defe alignfull uagb-is-root-container\"><div class=\"uagb-container-inner-blocks-wrap\">\n<div class=\"wp-block-uagb-info-box uagb-block-0dd8d3a4 uagb-infobox__content-wrap  uagb-infobox-icon-above-title uagb-infobox-image-valign-top\" id=\"button2\"><div class=\"uagb-ifb-content\"><div class=\"uagb-ifb-title-wrap\"><h5 class=\"uagb-ifb-title-prefix\">Our Services<\/h5><h3 class=\"uagb-ifb-title\"><strong>Three Approaches<\/strong><br>to Safeguarding Your Production<\/h3><\/div><div class=\"uagb-ifb-separator\"><\/div><\/div><\/div>\n\n\n\n<div data-aos= \"fade-up\" data-aos-duration=\"400\" data-aos-delay=\"0\" data-aos-easing=\"ease\" data-aos-once=\"true\" class=\"wp-block-uagb-container uagb-block-0ff6e26b\">\n<div data-aos= \"slide-up\" data-aos-duration=\"400\" data-aos-delay=\"0\" data-aos-easing=\"ease\" data-aos-once=\"true\" class=\"wp-block-uagb-info-box uagb-block-7006b63e uagb-infobox__content-wrap  uagb-infobox-icon-above-title uagb-infobox-image-valign-top\"><div class=\"uagb-ifb-content\"><div class=\"uagb-ifb-icon-wrap\"><svg xmlns=\"https:\/\/www.w3.org\/2000\/svg\" viewbox=\"0 0 640 512\"><path d=\"M184 88C184 118.9 158.9 144 128 144C97.07 144 72 118.9 72 88C72 57.07 97.07 32 128 32C158.9 32 184 57.07 184 88zM208.4 196.3C178.7 222.7 160 261.2 160 304C160 338.3 171.1 369.8 192 394.5V416C192 433.7 177.7 448 160 448H96C78.33 448 64 433.7 64 416V389.2C26.16 371.2 0 332.7 0 288C0 226.1 50.14 176 112 176H144C167.1 176 190.2 183.5 208.4 196.3V196.3zM64 245.7C54.04 256.9 48 271.8 48 288C48 304.2 54.04 319.1 64 330.3V245.7zM448 416V394.5C468 369.8 480 338.3 480 304C480 261.2 461.3 222.7 431.6 196.3C449.8 183.5 472 176 496 176H528C589.9 176 640 226.1 640 288C640 332.7 613.8 371.2 576 389.2V416C576 433.7 561.7 448 544 448H480C462.3 448 448 433.7 448 416zM576 330.3C585.1 319.1 592 304.2 592 288C592 271.8 585.1 256.9 576 245.7V330.3zM568 88C568 118.9 542.9 144 512 144C481.1 144 456 118.9 456 88C456 57.07 481.1 32 512 32C542.9 32 568 57.07 568 88zM256 96C256 60.65 284.7 32 320 32C355.3 32 384 60.65 384 96C384 131.3 355.3 160 320 160C284.7 160 256 131.3 256 96zM448 304C448 348.7 421.8 387.2 384 405.2V448C384 465.7 369.7 480 352 480H288C270.3 480 256 465.7 256 448V405.2C218.2 387.2 192 348.7 192 304C192 242.1 242.1 192 304 192H336C397.9 192 448 242.1 448 304zM256 346.3V261.7C246 272.9 240 287.8 240 304C240 320.2 246 335.1 256 346.3zM384 261.7V346.3C393.1 335 400 320.2 400 304C400 287.8 393.1 272.9 384 261.7z\"><\/path><\/svg><\/div><div class=\"uagb-ifb-title-wrap\"><h4 class=\"uagb-ifb-title\"><strong>AN\u00dc | Arbeitnehmer\u00fcberlassung<\/strong><\/h4><\/div><p class=\"uagb-ifb-desc\"><strong>Mit sicheren, flexiblen und kundennahen AN\u00dc\u2011L\u00f6sungen st\u00e4rken wir Ihre Produktion, Labore und Logistikteams.<\/strong><br><strong>Our industry background in the process industry ensures that we understand your requirements \u2013 and provide support that truly delivers. We focus on the highest safety standards, maximum flexibility, and transparent, easy-to-understand cost models.<\/strong><br><\/p><div class=\"uagb-ifb-separator\"><\/div><\/div><\/div>\n\n\n\n<div class=\"wp-block-uagb-info-box uagb-block-65e4fed4 uagb-infobox__content-wrap  uagb-infobox-icon-above-title uagb-infobox-image-valign-top\"><div class=\"uagb-ifb-content\"><div class=\"uagb-ifb-icon-wrap\"><svg xmlns=\"https:\/\/www.w3.org\/2000\/svg\" viewbox=\"0 0 512 512\"><path d=\"M331.8 224.1c28.29 0 54.88 10.99 74.86 30.97l19.59 19.59c40.01-17.74 71.25-53.3 81.62-96.65c5.725-23.92 5.34-47.08 .2148-68.4c-2.613-10.88-16.43-14.51-24.34-6.604l-68.9 68.9h-75.6V97.2l68.9-68.9c7.912-7.912 4.275-21.73-6.604-24.34c-21.32-5.125-44.48-5.51-68.4 .2148c-55.3 13.23-98.39 60.22-107.2 116.4C224.5 128.9 224.2 137 224.3 145l82.78 82.86C315.2 225.1 323.5 224.1 331.8 224.1zM384 278.6c-23.16-23.16-57.57-27.57-85.39-13.9L191.1 158L191.1 95.99l-127.1-95.99L0 63.1l96 127.1l62.04 .0077l106.7 106.6c-13.67 27.82-9.251 62.23 13.91 85.39l117 117.1c14.62 14.5 38.21 14.5 52.71-.0016l52.75-52.75c14.5-14.5 14.5-38.08-.0016-52.71L384 278.6zM227.9 307L168.7 247.9l-148.9 148.9c-26.37 26.37-26.37 69.08 0 95.45C32.96 505.4 50.21 512 67.5 512s34.54-6.592 47.72-19.78l119.1-119.1C225.5 352.3 222.6 329.4 227.9 307zM64 472c-13.25 0-24-10.75-24-24c0-13.26 10.75-24 24-24S88 434.7 88 448C88 461.3 77.25 472 64 472z\"><\/path><\/svg><\/div><div class=\"uagb-ifb-title-wrap\"><h4 class=\"uagb-ifb-title\">TPO &amp; Co<\/h4><\/div><p class=\"uagb-ifb-desc\"><strong>Our Technical Services enhance production, laboratory, and logistics processes using proven Lean and Six Sigma methodologies.<\/strong><br><strong>By using structured analyses, Value Stream Mapping, and data-driven optimization, we provide clear insights into your processes and pinpoint the levers that drive real efficiency.<\/strong><br><strong>Thanks to our experience in the process industry, our measures are practical, actionable, and deliver lasting results.<\/strong><br><strong>The outcome: reduced waste, stabilized processes, increased throughput, and tangible performance gains.<\/strong><\/p><div class=\"uagb-ifb-separator\"><\/div><\/div><\/div>\n\n\n\n<div class=\"wp-block-uagb-info-box uagb-block-354ed25d uagb-infobox__content-wrap  uagb-infobox-icon-above-title uagb-infobox-image-valign-top\"><div class=\"uagb-ifb-content\"><div class=\"uagb-ifb-icon-wrap\"><svg xmlns=\"https:\/\/www.w3.org\/2000\/svg\" viewbox=\"0 0 512 512\"><path d=\"M320 96H192L144.6 24.88C137.5 14.24 145.1 0 157.9 0H354.1C366.9 0 374.5 14.24 367.4 24.88L320 96zM192 128H320C323.8 130.5 328.1 133.3 332.1 136.4C389.7 172.7 512 250.9 512 416C512 469 469 512 416 512H96C42.98 512 0 469 0 416C0 250.9 122.3 172.7 179 136.4C183.9 133.3 188.2 130.5 192 128V128zM276.1 224C276.1 212.9 267.1 203.9 255.1 203.9C244.9 203.9 235.9 212.9 235.9 224V230C230.3 231.2 224.1 232.9 220 235.1C205.1 241.9 192.1 254.5 188.9 272.8C187.1 283 188.1 292.9 192.3 301.8C196.5 310.6 203 316.8 209.6 321.3C221.2 329.2 236.5 333.8 248.2 337.3L250.4 337.9C264.4 342.2 273.8 345.3 279.7 349.6C282.2 351.4 283.1 352.8 283.4 353.7C283.8 354.5 284.4 356.3 283.7 360.3C283.1 363.8 281.2 366.8 275.7 369.1C269.6 371.7 259.7 373 246.9 371C240.9 370 230.2 366.4 220.7 363.2C218.5 362.4 216.3 361.7 214.3 361C203.8 357.5 192.5 363.2 189 373.7C185.5 384.2 191.2 395.5 201.7 398.1C202.9 399.4 204.4 399.9 206.1 400.5C213.1 403.2 226.4 407.4 235.9 409.6V416C235.9 427.1 244.9 436.1 255.1 436.1C267.1 436.1 276.1 427.1 276.1 416V410.5C281.4 409.5 286.6 407.1 291.4 405.9C307.2 399.2 319.8 386.2 323.1 367.2C324.9 356.8 324.1 346.8 320.1 337.7C316.2 328.7 309.9 322.1 303.2 317.3C291.1 308.4 274.9 303.6 262.8 299.9L261.1 299.7C247.8 295.4 238.2 292.4 232.1 288.2C229.5 286.4 228.7 285.2 228.5 284.7C228.3 284.3 227.7 283.1 228.3 279.7C228.7 277.7 230.2 274.4 236.5 271.6C242.1 268.7 252.9 267.1 265.1 268.1C269.5 269.7 283 272.3 286.9 273.3C297.5 276.2 308.5 269.8 311.3 259.1C314.2 248.5 307.8 237.5 297.1 234.7C292.7 233.5 282.7 231.5 276.1 230.3L276.1 224z\"><\/path><\/svg><\/div><div class=\"uagb-ifb-title-wrap\"><h4 class=\"uagb-ifb-title\">Toolbox | Executives<\/h4><\/div><p class=\"uagb-ifb-desc\"><strong>Our Toolbox for Executives provides a focused suite of organizational services, including FTE management, performance management, talent and leadership development, and Lean &amp; Six Sigma workshops.<\/strong><br><strong>By analyzing structures, workflows, and teams, we provide clear insights into resources, performance, and growth opportunities.<\/strong><br><strong>Using hands-on methods and data-driven insights, we boost efficiency, responsibility, and leadership excellence.<\/strong><br><strong>Your benefits: more informed decisions, stronger teams, and an organization that works measurably faster, safer, and more efficiently.<\/strong><\/p><div class=\"uagb-ifb-separator\"><\/div><\/div><\/div>\n<\/div>\n<\/div><\/div>\n\n\n\n<p><\/p>\n\n\n\n<div class=\"wp-block-uagb-call-to-action uagb-block-fc1a1f7b wp-block-button\"><div class=\"uagb-cta__wrap\"><h3 class=\"uagb-cta__title\">Professionals you can depend on!<\/h3><p class=\"uagb-cta__desc\">We connect you with qualified, carefully chosen employees under the Temporary Employment Act (A\u00dcG) \u2013 dependable, fully compliant, and perfectly matched to your needs.<\/p><\/div><div class=\"uagb-cta__buttons\"><a href=\"https:\/\/coreliance.de\/en\/anue\/\" class=\"uagb-cta__button-link-wrapper wp-block-button__link\" target=\"_self\" rel=\"noopener noreferrer\">AN\u00dc-anfragen<svg xmlns=\"https:\/\/www.w3.org\/2000\/svg\" viewbox=\"0 0 512 512\"><path d=\"M344.7 238.5l-144.1-136C193.7 95.97 183.4 94.17 174.6 97.95C165.8 101.8 160.1 110.4 160.1 120V192H32.02C14.33 192 0 206.3 0 224v64c0 17.68 14.33 32 32.02 32h128.1v72c0 9.578 5.707 18.25 14.51 22.05c8.803 3.781 19.03 1.984 26-4.594l144.1-136C354.3 264.4 354.3 247.6 344.7 238.5zM416 32h-64c-17.67 0-32 14.33-32 32s14.33 32 32 32h64c17.67 0 32 14.33 32 32v256c0 17.67-14.33 32-32 32h-64c-17.67 0-32 14.33-32 32s14.33 32 32 32h64c53.02 0 96-42.98 96-96V128C512 74.98 469 32 416 32z\"><\/path><\/svg><\/a><\/div><\/div>\n\n\n\n<div class=\"wp-block-uagb-container uagb-block-2658a530 alignfull uagb-is-root-container\"><div class=\"uagb-container-inner-blocks-wrap\">\n<div class=\"wp-block-uagb-info-box uagb-block-4fcae268 uagb-infobox__content-wrap  uagb-infobox-icon-above-title uagb-infobox-image-valign-top\"><div class=\"uagb-ifb-content\"><div class=\"uagb-ifb-title-wrap\"><h5 class=\"uagb-ifb-title-prefix\">our Contributions <\/h5><h2 class=\"uagb-ifb-title\">Branchen, die wir unterst\u00fctzen<\/h2><\/div><\/div><\/div>\n\n\n\n<div class=\"wp-block-uagb-container uagb-block-51af8b82\">\n<div class=\"wp-block-group is-layout-constrained wp-block-group-is-layout-constrained\">\n<div class=\"wp-block-columns is-layout-flex wp-container-core-columns-is-layout-28f84493 wp-block-columns-is-layout-flex\">\n<div class=\"wp-block-column is-layout-flow wp-block-column-is-layout-flow\" style=\"flex-basis:100%\">\n<div class=\"wp-block-uagb-info-box uagb-block-f5073bc7 uagb-infobox__content-wrap  uagb-infobox-icon-above-title uagb-infobox-image-valign-top\">\n<div class=\"uagb-ifb-content\">\n<div class=\"uagb-ifb-image-content\"><img decoding=\"async\" src=\"https:\/\/coreliance.de\/wp-content\/uploads\/2025\/06\/Chemical.jpg\" alt=\"\" width=\"\" height=\"0\" \/><\/div>\n<div class=\"uagb-ifb-title-wrap\">\n<h4 class=\"uagb-ifb-title\">Chemical Industry<\/h4>\n<p>The chemical industry operates in a high-risk and heavily regulated environment where efficiency, safety, and precision are indispensable.<\/p>\n<p>Our services \u2013 from technical process optimization to the placement of qualified personnel \u2013 help chemical manufacturers reduce operational losses, streamline production, and ensure regulatory compliance.<\/p>\n<\/div>\n<\/div>\n<\/div>\n<\/div>\n<\/div>\n<\/div>\n\n\n\n<div class=\"wp-block-uagb-info-box uagb-block-f9a76582 uagb-infobox__content-wrap  uagb-infobox-icon-above-title uagb-infobox-image-valign-top\">\n<div class=\"uagb-ifb-content\">\n<div class=\"uagb-ifb-image-content\"><img decoding=\"async\" src=\"https:\/\/coreliance.de\/wp-content\/uploads\/2025\/06\/pharmaceutical.jpg\" alt=\"\" width=\"\" height=\"0\" \/><\/div>\n<div class=\"uagb-ifb-title-wrap\">\n<h4 class=\"uagb-ifb-title\">Pharmaceutical industry<\/h4>\n<\/div>\n<p>In the pharmaceutical industry, quality, consistency, and compliance are crucial. We support pharmaceutical manufacturers with Lean Six Sigma-driven process improvements, digital transformation, and expert personnel solutions that ensure compliance with GMP guidelines, reduce variability, and accelerate time to market \u2013 without compromising safety or standards.<\/p>\n<\/div>\n<\/div>\n\n\n\n<div class=\"wp-block-uagb-info-box uagb-block-8366a9c1 uagb-infobox__content-wrap  uagb-infobox-icon-above-title uagb-infobox-image-valign-top\">\n<div class=\"uagb-ifb-content\">\n<div class=\"uagb-ifb-image-content\"><img decoding=\"async\" src=\"https:\/\/coreliance.de\/wp-content\/uploads\/2025\/06\/Drilling.jpg\" alt=\"\" width=\"\" height=\"0\" \/><\/div>\n<div class=\"uagb-ifb-title-wrap\">\n<h4 class=\"uagb-ifb-title\">Oil &amp; Gas Industry<\/h4>\n<\/div>\n<p>The oil and gas sector requires operational resilience, technical excellence, and rapid adaptability.<\/p>\n<p>Our services are designed to optimize complex processes, reduce downtime, and employ highly skilled professionals to ensure that every project runs safely, efficiently, and profitably in one of the world's most demanding and dynamic industries.<\/p>\n<\/div>\n<\/div>\n<\/div>\n<\/div><\/div>\n\n\n\n<div class=\"wp-block-uagb-advanced-heading uagb-block-6ae5608b\"><h2 class=\"uagb-heading-text\">#Flexible Temporary Staffing Solutions for the Chemical and Pharmaceutical Industry | Lean &amp; Six Sigma for Efficient Production Processes | Experienced Chemists, Pharma Operators, Lab Technicians, Logistics Experts, and Engineers to Support Your Production<\/h2><\/div>\n\n\n\n<div class=\"wp-block-uagb-advanced-heading uagb-block-9f2ae39c\"><h3 class=\"uagb-heading-text\">#Employee Training and Certifications for the Chemical and Pharmaceutical Industry | Process Optimization with Value Stream Mapping | Debottlenecking and OEE Enhancement<\/h3><\/div>\n\n\n\n<div class=\"wp-block-uagb-advanced-heading uagb-block-2b3904c1\"><h4 class=\"uagb-heading-text\">#Optimizing Batch Processes in Chemical Plants | Flexible Shift Planning for Production Operations<\/h4><\/div>\n\n\n\n<div class=\"wp-block-uagb-call-to-action uagb-block-05b20ca6 wp-block-button\"><div class=\"uagb-cta__wrap\"><h3 class=\"uagb-cta__title\">Let\u2019s not wait \u2013 talk to us now!<\/h3><p class=\"uagb-cta__desc\">Our candidates, temporary staffing solutions, and process optimization services empower your production to be more efficient and flexible. In a short, no-obligation conversation, we can explore what\u2019s possible \u2013 and together, find the solution that fits your needs.<\/p><\/div><div class=\"uagb-cta__buttons\"><a href=\"https:\/\/calendly.com\/coreliance-info\" class=\"uagb-cta__button-link-wrapper wp-block-button__link\" target=\"_self\" rel=\"noopener noreferrer\">Schedule<br>an Appointment<\/a><\/div><\/div>","protected":false},"excerpt":{"rendered":"<p>mit Coreliance haben Sie einen Partner, der Ihre Produktionsziele versteht und umsetzt.<br \/>Unsere L\u00f6sungen sind auf die Anforderungen der chemischen und pharmazeutischen Industrie zugeschnitten.Chemische Industrie Die chemische Industrie operiert in einem hochriskanten und stark regulierten Umfeld, in dem Effizienz, Sicherheit und Pr\u00e4zision unverzichtbar sind. Unsere Dienstleistungen \u2013 von der technischen Prozessoptimierung bis hin zur Vermittlung qualifizierter Arbeitskr\u00e4fte \u2013 helfen chemischen Herstellern, betriebliche Verluste zu reduzieren, die Produktion zu straffen und die Einhaltung von Vorschriften sicherzustellen. Pharmaindustrie In der [\u2026]<\/p>","protected":false},"author":1,"featured_media":0,"parent":0,"menu_order":0,"comment_status":"closed","ping_status":"closed","template":"","meta":{"_uag_custom_page_level_css":"","site-sidebar-layout":"no-sidebar","site-content-layout":"plain-container","ast-site-content-layout":"normal-width-container","site-content-style":"unboxed","site-sidebar-style":"unboxed","ast-global-header-display":"","ast-banner-title-visibility":"","ast-main-header-display":"","ast-hfb-above-header-display":"","ast-hfb-below-header-display":"","ast-hfb-mobile-header-display":"","site-post-title":"disabled","ast-breadcrumbs-content":"","ast-featured-img":"disabled","footer-sml-layout":"","ast-disable-related-posts":"","theme-transparent-header-meta":"enabled","adv-header-id-meta":"","stick-header-meta":"","header-above-stick-meta":"","header-main-stick-meta":"","header-below-stick-meta":"","astra-migrate-meta-layouts":"set","ast-page-background-enabled":"default","ast-page-background-meta":{"desktop":{"background-color":"","background-image":"","background-repeat":"repeat","background-position":"center center","background-size":"auto","background-attachment":"scroll","background-type":"","background-media":"","overlay-type":"","overlay-color":"","overlay-opacity":"","overlay-gradient":""},"tablet":{"background-color":"","background-image":"","background-repeat":"repeat","background-position":"center center","background-size":"auto","background-attachment":"scroll","background-type":"","background-media":"","overlay-type":"","overlay-color":"","overlay-opacity":"","overlay-gradient":""},"mobile":{"background-color":"","background-image":"","background-repeat":"repeat","background-position":"center center","background-size":"auto","background-attachment":"scroll","background-type":"","background-media":"","overlay-type":"","overlay-color":"","overlay-opacity":"","overlay-gradient":""}},"ast-content-background-meta":{"desktop":{"background-color":"var(--ast-global-color-5)","background-image":"","background-repeat":"repeat","background-position":"center center","background-size":"auto","background-attachment":"scroll","background-type":"","background-media":"","overlay-type":"","overlay-color":"","overlay-opacity":"","overlay-gradient":""},"tablet":{"background-color":"var(--ast-global-color-5)","background-image":"","background-repeat":"repeat","background-position":"center center","background-size":"auto","background-attachment":"scroll","background-type":"","background-media":"","overlay-type":"","overlay-color":"","overlay-opacity":"","overlay-gradient":""},"mobile":{"background-color":"var(--ast-global-color-5)","background-image":"","background-repeat":"repeat","background-position":"center center","background-size":"auto","background-attachment":"scroll","background-type":"","background-media":"","overlay-type":"","overlay-color":"","overlay-opacity":"","overlay-gradient":""}},"footnotes":""},"class_list":["post-498","page","type-page","status-publish","hentry"],"uagb_featured_image_src":{"full":false,"thumbnail":false,"medium":false,"medium_large":false,"large":false,"1536x1536":false,"2048x2048":false,"trp-custom-language-flag":false},"uagb_author_info":{"display_name":"maged.elessawy@gmail.com","author_link":"https:\/\/coreliance.de\/en\/author\/maged-elessawygmail-com\/"},"uagb_comment_info":0,"uagb_excerpt":"mit Coreliance haben Sie einen Partner, der Ihre Produktionsziele versteht und umsetzt.Unsere L\u00f6sungen sind auf die Anforderungen der chemischen und pharmazeutischen Industrie zugeschnitten.Chemische Industrie Die chemische Industrie operiert in einem hochriskanten und stark regulierten Umfeld, in dem Effizienz, Sicherheit und Pr\u00e4zision unverzichtbar sind. Unsere Dienstleistungen \u2013 von der technischen Prozessoptimierung bis hin zur Vermittlung qualifizierter&hellip;","_links":{"self":[{"href":"https:\/\/coreliance.de\/en\/wp-json\/wp\/v2\/pages\/498","targetHints":{"allow":["GET"]}}],"collection":[{"href":"https:\/\/coreliance.de\/en\/wp-json\/wp\/v2\/pages"}],"about":[{"href":"https:\/\/coreliance.de\/en\/wp-json\/wp\/v2\/types\/page"}],"author":[{"embeddable":true,"href":"https:\/\/coreliance.de\/en\/wp-json\/wp\/v2\/users\/1"}],"replies":[{"embeddable":true,"href":"https:\/\/coreliance.de\/en\/wp-json\/wp\/v2\/comments?post=498"}],"version-history":[{"count":63,"href":"https:\/\/coreliance.de\/en\/wp-json\/wp\/v2\/pages\/498\/revisions"}],"predecessor-version":[{"id":2227,"href":"https:\/\/coreliance.de\/en\/wp-json\/wp\/v2\/pages\/498\/revisions\/2227"}],"wp:attachment":[{"href":"https:\/\/coreliance.de\/en\/wp-json\/wp\/v2\/media?parent=498"}],"curies":[{"name":"wp","href":"https:\/\/api.w.org\/{rel}","templated":true}]}}